{"id":14,"date":"2025-02-23T10:10:26","date_gmt":"2025-02-23T09:10:26","guid":{"rendered":"https:\/\/coursyogamonacoetcotedazur.eu\/?page_id=14"},"modified":"2025-03-10T15:22:15","modified_gmt":"2025-03-10T14:22:15","slug":"yogavedia","status":"publish","type":"page","link":"https:\/\/coursyogamonacoetcotedazur.eu\/","title":{"rendered":"YogaVedia"},"content":{"rendered":"\t\t<div data-elementor-type=\"wp-page\" data-elementor-id=\"14\" class=\"elementor elementor-14\">\n\t\t\t\t<div class=\"elementor-element elementor-element-435f92a0 e-con-full e-flex e-con e-parent\" data-id=\"435f92a0\" data-element_type=\"container\" data-e-type=\"container\" data-settings=\"{&quot;background_background&quot;:&quot;classic&quot;}\">\n\t\t<div class=\"elementor-element elementor-element-36e85ec8 e-con-full e-flex e-con e-child\" data-id=\"36e85ec8\" data-element_type=\"container\" data-e-type=\"container\">\n\t\t\t\t<div class=\"elementor-element elementor-element-18731294 elementor-widget elementor-widget-image\" data-id=\"18731294\" data-element_type=\"widget\" data-e-type=\"widget\" data-widget_type=\"image.default\">\n\t\t\t\t<div class=\"elementor-widget-container\">\n\t\t\t\t\t\t\t\t\t\t\t\t\t\t\t<img fetchpriority=\"high\" decoding=\"async\" width=\"320\" height=\"240\" src=\"https:\/\/coursyogamonacoetcotedazur.eu\/wp-content\/uploads\/2025\/02\/Mudras-2-.jpeg\" class=\"attachment-large size-large wp-image-20\" alt=\"\" srcset=\"https:\/\/coursyogamonacoetcotedazur.eu\/wp-content\/uploads\/2025\/02\/Mudras-2-.jpeg 320w, https:\/\/coursyogamonacoetcotedazur.eu\/wp-content\/uploads\/2025\/02\/Mudras-2--300x225.jpeg 300w\" sizes=\"(max-width: 320px) 100vw, 320px\" \/>\t\t\t\t\t\t\t\t\t\t\t\t\t\t\t<\/div>\n\t\t\t\t<\/div>\n\t\t\t\t<\/div>\n\t\t<div class=\"elementor-element elementor-element-60f283b4 e-con-full e-flex e-con e-child\" data-id=\"60f283b4\" data-element_type=\"container\" data-e-type=\"container\">\n\t\t\t\t<div class=\"elementor-element elementor-element-38a58276 elementor-widget elementor-widget-heading\" data-id=\"38a58276\" data-element_type=\"widget\" data-e-type=\"widget\" data-widget_type=\"heading.default\">\n\t\t\t\t<div class=\"elementor-widget-container\">\n\t\t\t\t\t<h1 class=\"elementor-heading-title elementor-size-default\">Bienvenue<br><br>sur <br><br>YogaVedia<\/h1>\t\t\t\t<\/div>\n\t\t\t\t<\/div>\n\t\t\t\t<div class=\"elementor-element elementor-element-d95f016 elementor-widget elementor-widget-text-editor\" data-id=\"d95f016\" data-element_type=\"widget\" data-e-type=\"widget\" data-widget_type=\"text-editor.default\">\n\t\t\t\t<div class=\"elementor-widget-container\">\n\t\t\t\t\t\t\t\t\t<p style=\"text-align: center;\"><br><\/p><p style=\"text-align: center;\">Votre cours de Yoga sur Monaco et ses alentours<\/p>\t\t\t\t\t\t\t\t<\/div>\n\t\t\t\t<\/div>\n\t\t\t\t<\/div>\n\t\t\t\t<\/div>\n\t\t<div class=\"elementor-element elementor-element-28e9a23b e-con-full e-flex e-con e-parent\" data-id=\"28e9a23b\" data-element_type=\"container\" data-e-type=\"container\" data-settings=\"{&quot;background_background&quot;:&quot;classic&quot;}\">\n\t\t<div class=\"elementor-element elementor-element-2fc8d2f2 e-con-full e-flex e-con e-child\" data-id=\"2fc8d2f2\" data-element_type=\"container\" data-e-type=\"container\">\n\t\t\t\t<div class=\"elementor-element elementor-element-b94f0d4 elementor-widget elementor-widget-heading\" data-id=\"b94f0d4\" data-element_type=\"widget\" data-e-type=\"widget\" data-widget_type=\"heading.default\">\n\t\t\t\t<div class=\"elementor-widget-container\">\n\t\t\t\t\t<h2 class=\"elementor-heading-title elementor-size-default\">Des cours de Yoga Priv\u00e9s<\/h2>\t\t\t\t<\/div>\n\t\t\t\t<\/div>\n\t\t\t\t<div class=\"elementor-element elementor-element-30c26b40 elementor-widget elementor-widget-text-editor\" data-id=\"30c26b40\" data-element_type=\"widget\" data-e-type=\"widget\" data-widget_type=\"text-editor.default\">\n\t\t\t\t<div class=\"elementor-widget-container\">\n\t\t\t\t\t\t\t\t\t<p>En coaching \u00e0 votre domicile ou en ext\u00e9rieur,\u00a0<\/p><p>en Fran\u00e7ais et\/ou en Anglais,\u00a0<\/p><p>pour des conseils adapt\u00e9s \u00e0 votre pratique et \u00e0 votre personnalit\u00e9.<\/p>\t\t\t\t\t\t\t\t<\/div>\n\t\t\t\t<\/div>\n\t\t\t\t<\/div>\n\t\t<div class=\"elementor-element elementor-element-6312f6 e-con-full e-flex e-con e-child\" data-id=\"6312f6\" data-element_type=\"container\" data-e-type=\"container\">\n\t\t\t\t<div class=\"elementor-element elementor-element-41f7458 elementor-widget elementor-widget-image\" data-id=\"41f7458\" data-element_type=\"widget\" data-e-type=\"widget\" data-widget_type=\"image.default\">\n\t\t\t\t<div class=\"elementor-widget-container\">\n\t\t\t\t\t\t\t\t\t\t\t\t\t\t\t<img decoding=\"async\" width=\"320\" height=\"240\" src=\"https:\/\/coursyogamonacoetcotedazur.eu\/wp-content\/uploads\/2025\/02\/fae782c2-b8ff-4ed5-83d9-51ce7468dd97.jpeg\" class=\"attachment-large size-large wp-image-17\" alt=\"\" srcset=\"https:\/\/coursyogamonacoetcotedazur.eu\/wp-content\/uploads\/2025\/02\/fae782c2-b8ff-4ed5-83d9-51ce7468dd97.jpeg 320w, https:\/\/coursyogamonacoetcotedazur.eu\/wp-content\/uploads\/2025\/02\/fae782c2-b8ff-4ed5-83d9-51ce7468dd97-300x225.jpeg 300w\" sizes=\"(max-width: 320px) 100vw, 320px\" \/>\t\t\t\t\t\t\t\t\t\t\t\t\t\t\t<\/div>\n\t\t\t\t<\/div>\n\t\t\t\t<\/div>\n\t\t\t\t<\/div>\n\t\t<div class=\"elementor-element elementor-element-469483ff e-con-full e-flex e-con e-parent\" data-id=\"469483ff\" data-element_type=\"container\" data-e-type=\"container\" data-settings=\"{&quot;background_background&quot;:&quot;classic&quot;}\">\n\t\t<div class=\"elementor-element elementor-element-4c5cecf e-con-full e-flex e-con e-child\" data-id=\"4c5cecf\" data-element_type=\"container\" data-e-type=\"container\">\n\t\t\t\t<div class=\"elementor-element elementor-element-70416d3f elementor-widget elementor-widget-heading\" data-id=\"70416d3f\" data-element_type=\"widget\" data-e-type=\"widget\" data-widget_type=\"heading.default\">\n\t\t\t\t<div class=\"elementor-widget-container\">\n\t\t\t\t\t<h2 class=\"elementor-heading-title elementor-size-default\">Des cours de Yoga pour tous niveaux<\/h2>\t\t\t\t<\/div>\n\t\t\t\t<\/div>\n\t\t\t\t<div class=\"elementor-element elementor-element-3f7a318d elementor-widget elementor-widget-text-editor\" data-id=\"3f7a318d\" data-element_type=\"widget\" data-e-type=\"widget\" data-widget_type=\"text-editor.default\">\n\t\t\t\t<div class=\"elementor-widget-container\">\n\t\t\t\t\t\t\t\t\t<p>Que vous soyez d\u00e9butant en Yoga ou confirm\u00e9, je m&rsquo;adapte \u00e0 votre niveau de pratique.<\/p><p>Chaque s\u00e9ance est compos\u00e9e de Pranayama (Technique de Respiration), Asanas (Encha\u00eenement de postures) et M\u00e9ditation.<\/p>\t\t\t\t\t\t\t\t<\/div>\n\t\t\t\t<\/div>\n\t\t\t\t<\/div>\n\t\t<div class=\"elementor-element elementor-element-5fe53cba e-con-full e-flex e-con e-child\" data-id=\"5fe53cba\" data-element_type=\"container\" data-e-type=\"container\">\n\t\t\t\t<div class=\"elementor-element elementor-element-76c8884d elementor-widget elementor-widget-image\" data-id=\"76c8884d\" data-element_type=\"widget\" data-e-type=\"widget\" data-widget_type=\"image.default\">\n\t\t\t\t<div class=\"elementor-widget-container\">\n\t\t\t\t\t\t\t\t\t\t\t\t\t\t\t<img decoding=\"async\" width=\"320\" height=\"240\" src=\"https:\/\/coursyogamonacoetcotedazur.eu\/wp-content\/uploads\/2025\/03\/6fe55d33-1220-44d4-aa25-52f77a7fa5ac.jpeg\" class=\"attachment-large size-large wp-image-42\" alt=\"\" srcset=\"https:\/\/coursyogamonacoetcotedazur.eu\/wp-content\/uploads\/2025\/03\/6fe55d33-1220-44d4-aa25-52f77a7fa5ac.jpeg 320w, https:\/\/coursyogamonacoetcotedazur.eu\/wp-content\/uploads\/2025\/03\/6fe55d33-1220-44d4-aa25-52f77a7fa5ac-300x225.jpeg 300w\" sizes=\"(max-width: 320px) 100vw, 320px\" \/>\t\t\t\t\t\t\t\t\t\t\t\t\t\t\t<\/div>\n\t\t\t\t<\/div>\n\t\t\t\t<\/div>\n\t\t\t\t<\/div>\n\t\t<div class=\"elementor-element elementor-element-54bbcff9 e-con-full e-flex e-con e-parent\" data-id=\"54bbcff9\" data-element_type=\"container\" data-e-type=\"container\" data-settings=\"{&quot;background_background&quot;:&quot;classic&quot;}\">\n\t\t<div class=\"elementor-element elementor-element-2e83f688 e-con-full e-flex e-con e-child\" data-id=\"2e83f688\" data-element_type=\"container\" data-e-type=\"container\">\n\t\t\t\t<div class=\"elementor-element elementor-element-62c3a153 elementor-widget elementor-widget-heading\" data-id=\"62c3a153\" data-element_type=\"widget\" data-e-type=\"widget\" data-widget_type=\"heading.default\">\n\t\t\t\t<div class=\"elementor-widget-container\">\n\t\t\t\t\t<h2 class=\"elementor-heading-title elementor-size-default\">Je me pr\u00e9sente....<\/h2>\t\t\t\t<\/div>\n\t\t\t\t<\/div>\n\t\t\t\t<div class=\"elementor-element elementor-element-43ff7653 elementor-widget elementor-widget-text-editor\" data-id=\"43ff7653\" data-element_type=\"widget\" data-e-type=\"widget\" data-widget_type=\"text-editor.default\">\n\t\t\t\t<div class=\"elementor-widget-container\">\n\t\t\t\t\t\t\t\t\t<p>Je suis Professeur passionn\u00e9e de Yoga. J&rsquo;enseigne le Yoga depuis maintenant 2014 en anglais et en Fran\u00e7ais.<\/p>\t\t\t\t\t\t\t\t<\/div>\n\t\t\t\t<\/div>\n\t\t\t\t<\/div>\n\t\t<div class=\"elementor-element elementor-element-7644721d e-con-full e-flex e-con e-child\" data-id=\"7644721d\" data-element_type=\"container\" data-e-type=\"container\">\n\t\t\t\t<div class=\"elementor-element elementor-element-72f38b4e elementor-widget elementor-widget-image\" data-id=\"72f38b4e\" data-element_type=\"widget\" data-e-type=\"widget\" data-widget_type=\"image.default\">\n\t\t\t\t<div class=\"elementor-widget-container\">\n\t\t\t\t\t\t\t\t\t\t\t\t\t\t\t<img loading=\"lazy\" decoding=\"async\" width=\"321\" height=\"214\" src=\"https:\/\/coursyogamonacoetcotedazur.eu\/wp-content\/uploads\/2025\/03\/portrait_7.jpeg\" class=\"attachment-large size-large wp-image-43\" alt=\"\" srcset=\"https:\/\/coursyogamonacoetcotedazur.eu\/wp-content\/uploads\/2025\/03\/portrait_7.jpeg 321w, https:\/\/coursyogamonacoetcotedazur.eu\/wp-content\/uploads\/2025\/03\/portrait_7-300x200.jpeg 300w\" sizes=\"(max-width: 321px) 100vw, 321px\" \/>\t\t\t\t\t\t\t\t\t\t\t\t\t\t\t<\/div>\n\t\t\t\t<\/div>\n\t\t\t\t<\/div>\n\t\t\t\t<\/div>\n\t\t<div class=\"elementor-element elementor-element-5a8ff658 e-flex e-con-boxed e-con e-parent\" data-id=\"5a8ff658\" data-element_type=\"container\" data-e-type=\"container\" data-settings=\"{&quot;background_background&quot;:&quot;classic&quot;}\">\n\t\t\t\t\t<div class=\"e-con-inner\">\n\t\t\t\t<div class=\"elementor-element elementor-element-1e7f9777 elementor-widget elementor-widget-heading\" data-id=\"1e7f9777\" data-element_type=\"widget\" data-e-type=\"widget\" data-widget_type=\"heading.default\">\n\t\t\t\t<div class=\"elementor-widget-container\">\n\t\t\t\t\t<h3 class=\"elementor-heading-title elementor-size-default\"><a href=\"https:\/\/yogavedia-sante.com\/\">Vous souhaitez me contacter <\/a><\/h3>\t\t\t\t<\/div>\n\t\t\t\t<\/div>\n\t\t\t\t<div class=\"elementor-element elementor-element-123557e0 elementor-widget elementor-widget-text-editor\" data-id=\"123557e0\" data-element_type=\"widget\" data-e-type=\"widget\" data-widget_type=\"text-editor.default\">\n\t\t\t\t<div class=\"elementor-widget-container\">\n\t\t\t\t\t\t\t\t\t<p>Vous pouvez visiter mon site internet qui vous donnera de plus amples informations sur mon activit\u00e9<\/p>\t\t\t\t\t\t\t\t<\/div>\n\t\t\t\t<\/div>\n\t\t\t\t<div class=\"elementor-element elementor-element-629b5b7f elementor-mobile-align-center elementor-align-center elementor-widget elementor-widget-button\" data-id=\"629b5b7f\" data-element_type=\"widget\" data-e-type=\"widget\" data-widget_type=\"button.default\">\n\t\t\t\t<div class=\"elementor-widget-container\">\n\t\t\t\t\t\t\t\t\t<div class=\"elementor-button-wrapper\">\n\t\t\t\t\t<a class=\"elementor-button elementor-button-link elementor-size-sm\" href=\"https:\/\/yogavedia-sante.com\/\">\n\t\t\t\t\t\t<span class=\"elementor-button-content-wrapper\">\n\t\t\t\t\t\t\t\t\t<span class=\"elementor-button-text\">Mon site internet <\/span>\n\t\t\t\t\t<\/span>\n\t\t\t\t\t<\/a>\n\t\t\t\t<\/div>\n\t\t\t\t\t\t\t\t<\/div>\n\t\t\t\t<\/div>\n\t\t\t\t\t<\/div>\n\t\t\t\t<\/div>\n\t\t<footer class=\"elementor-element elementor-element-4bbb12f e-con-full e-flex e-con e-parent\" data-id=\"4bbb12f\" data-element_type=\"container\" data-e-type=\"container\">\n\t\t<div class=\"elementor-element elementor-element-e5d7d45 e-con-full e-flex e-con e-child\" data-id=\"e5d7d45\" data-element_type=\"container\" data-e-type=\"container\">\n\t\t\t\t<div class=\"elementor-element elementor-element-73eb03b3 elementor-widget elementor-widget-image\" data-id=\"73eb03b3\" data-element_type=\"widget\" data-e-type=\"widget\" data-widget_type=\"image.default\">\n\t\t\t\t<div class=\"elementor-widget-container\">\n\t\t\t\t\t\t\t\t\t\t\t\t\t\t\t<img loading=\"lazy\" decoding=\"async\" width=\"1500\" height=\"1500\" src=\"https:\/\/coursyogamonacoetcotedazur.eu\/wp-content\/uploads\/2025\/03\/Logo-Vero.png\" class=\"attachment-full size-full wp-image-44\" alt=\"\" srcset=\"https:\/\/coursyogamonacoetcotedazur.eu\/wp-content\/uploads\/2025\/03\/Logo-Vero.png 1500w, https:\/\/coursyogamonacoetcotedazur.eu\/wp-content\/uploads\/2025\/03\/Logo-Vero-300x300.png 300w, https:\/\/coursyogamonacoetcotedazur.eu\/wp-content\/uploads\/2025\/03\/Logo-Vero-1024x1024.png 1024w, https:\/\/coursyogamonacoetcotedazur.eu\/wp-content\/uploads\/2025\/03\/Logo-Vero-150x150.png 150w, https:\/\/coursyogamonacoetcotedazur.eu\/wp-content\/uploads\/2025\/03\/Logo-Vero-768x768.png 768w, https:\/\/coursyogamonacoetcotedazur.eu\/wp-content\/uploads\/2025\/03\/Logo-Vero-600x600.png 600w\" sizes=\"(max-width: 1500px) 100vw, 1500px\" \/>\t\t\t\t\t\t\t\t\t\t\t\t\t\t\t<\/div>\n\t\t\t\t<\/div>\n\t\t\t\t<\/div>\n\t\t<div class=\"elementor-element elementor-element-5e2202c e-con-full e-flex e-con e-child\" data-id=\"5e2202c\" data-element_type=\"container\" data-e-type=\"container\">\n\t\t\t\t<div class=\"elementor-element elementor-element-c271b10 elementor-icon-list--layout-inline elementor-tablet-align-center elementor-align-center elementor-list-item-link-full_width elementor-widget elementor-widget-icon-list\" data-id=\"c271b10\" data-element_type=\"widget\" data-e-type=\"widget\" data-widget_type=\"icon-list.default\">\n\t\t\t\t<div class=\"elementor-widget-container\">\n\t\t\t\t\t\t\t<ul class=\"elementor-icon-list-items elementor-inline-items\">\n\t\t\t\t\t\t\t<li class=\"elementor-icon-list-item elementor-inline-item\">\n\t\t\t\t\t\t\t\t\t\t\t<a href=\"https:\/\/yogavedia-sante.com\/\">\n\n\t\t\t\t\t\t\t\t\t\t\t<span class=\"elementor-icon-list-text\">Du Lundi au Dimanche de 7h \u00e0 20h<br>06 25 30 53 48<\/span>\n\t\t\t\t\t\t\t\t\t\t\t<\/a>\n\t\t\t\t\t\t\t\t\t<\/li>\n\t\t\t\t\t\t<\/ul>\n\t\t\t\t\t\t<\/div>\n\t\t\t\t<\/div>\n\t\t\t\t<\/div>\n\t\t<div class=\"elementor-element elementor-element-38f119ea e-con-full e-flex e-con e-child\" data-id=\"38f119ea\" data-element_type=\"container\" data-e-type=\"container\">\n\t\t\t\t<div class=\"elementor-element elementor-element-2378e0c3 e-grid-align-tablet-right e-grid-align-mobile-center elementor-widget-mobile__width-inherit elementor-shape-rounded elementor-grid-0 e-grid-align-center elementor-widget elementor-widget-social-icons\" data-id=\"2378e0c3\" data-element_type=\"widget\" data-e-type=\"widget\" data-widget_type=\"social-icons.default\">\n\t\t\t\t<div class=\"elementor-widget-container\">\n\t\t\t\t\t\t\t<div class=\"elementor-social-icons-wrapper elementor-grid\" role=\"list\">\n\t\t\t\t\t\t\t<span class=\"elementor-grid-item\" role=\"listitem\">\n\t\t\t\t\t<a class=\"elementor-icon elementor-social-icon elementor-social-icon-facebook-f elementor-repeater-item-3f1b7ac\" target=\"_blank\">\n\t\t\t\t\t\t<span class=\"elementor-screen-only\">Facebook-f<\/span>\n\t\t\t\t\t\t<svg aria-hidden=\"true\" class=\"e-font-icon-svg e-fab-facebook-f\" viewBox=\"0 0 320 512\" xmlns=\"http:\/\/www.w3.org\/2000\/svg\"><path d=\"M279.14 288l14.22-92.66h-88.91v-60.13c0-25.35 12.42-50.06 52.24-50.06h40.42V6.26S260.43 0 225.36 0c-73.22 0-121.08 44.38-121.08 124.72v70.62H22.89V288h81.39v224h100.17V288z\"><\/path><\/svg>\t\t\t\t\t<\/a>\n\t\t\t\t<\/span>\n\t\t\t\t\t\t\t<span class=\"elementor-grid-item\" role=\"listitem\">\n\t\t\t\t\t<a class=\"elementor-icon elementor-social-icon elementor-social-icon- elementor-repeater-item-5c0ce3c\" target=\"_blank\">\n\t\t\t\t\t\t<span class=\"elementor-screen-only\"><\/span>\n\t\t\t\t\t\t<svg xmlns=\"http:\/\/www.w3.org\/2000\/svg\" id=\"aaf4d88f-6908-42b9-b3d6-5d6a3ec06a43\" data-name=\"Layer 1\" width=\"27\" height=\"26\" viewBox=\"0 0 27 26\"><path d=\"M26.9922,13.12c0-1.952.0071-3.904-.0054-5.856a7.4912,7.4912,0,0,0-.12-1.3338,6.9762,6.9762,0,0,0-2.4989-4.1911,7.3149,7.3149,0,0,0-4.73-1.7279c-4.031-.02-8.0623-.0061-12.0935-.0071a7.347,7.347,0,0,0-3.6653.907,6.9367,6.9367,0,0,0-3.85,6.2265C-.025,11.0332.0121,14.93.0169,18.8272a6.5069,6.5069,0,0,0,.8908,3.3475A7.2785,7.2785,0,0,0,7.419,25.9708c4.0565.0558,8.1145.0148,12.1719.0131a7.6378,7.6378,0,0,0,4.9015-1.8408,6.9218,6.9218,0,0,0,2.4928-5.276C27.0143,16.9517,26.9915,15.0354,26.9922,13.12ZM13.4174,20.21a7.3625,7.3625,0,0,1-7.4061-7.2182,7.3505,7.3505,0,0,1,7.4992-7.2115,7.3516,7.3516,0,0,1,7.4852,7.2146A7.37,7.37,0,0,1,13.4174,20.21ZM22.4962,5.7791a1.48,1.48,0,0,1-1.5005-1.4476,1.5014,1.5014,0,0,1,3-.0009A1.481,1.481,0,0,1,22.4962,5.7791Z\" transform=\"translate(0 0)\" style=\"fill-rule:evenodd\"><\/path><path d=\"M13.4969,8.3571a4.7331,4.7331,0,0,0-4.8183,4.6445,4.74,4.74,0,0,0,4.8241,4.6413,4.74,4.74,0,0,0,4.8187-4.6466A4.7342,4.7342,0,0,0,13.4969,8.3571Z\" transform=\"translate(0 0)\" style=\"fill-rule:evenodd\"><\/path><\/svg>\t\t\t\t\t<\/a>\n\t\t\t\t<\/span>\n\t\t\t\t\t<\/div>\n\t\t\t\t\t\t<\/div>\n\t\t\t\t<\/div>\n\t\t\t\t<\/div>\n\t\t\t\t<\/footer>\n\t\t<div class=\"elementor-element elementor-element-e76744f e-flex e-con-boxed e-con e-parent\" data-id=\"e76744f\" data-element_type=\"container\" data-e-type=\"container\">\n\t\t\t\t\t<div class=\"e-con-inner\">\n\t\t\t\t<div class=\"elementor-element elementor-element-31c0859 elementor-widget elementor-widget-heading\" data-id=\"31c0859\" data-element_type=\"widget\" data-e-type=\"widget\" data-widget_type=\"heading.default\">\n\t\t\t\t<div class=\"elementor-widget-container\">\n\t\t\t\t\t<h2 class=\"elementor-heading-title elementor-size-default\">Mentions l\u00e9gales<\/h2>\t\t\t\t<\/div>\n\t\t\t\t<\/div>\n\t\t\t\t\t<\/div>\n\t\t\t\t<\/div>\n\t\t\t\t<\/div>\n\t\t","protected":false},"excerpt":{"rendered":"<p>Bienvenue sur YogaVedia Votre cours de Yoga sur Monaco et ses alentours Des cours de Yoga Priv\u00e9s En coaching \u00e0 votre domicile ou en ext\u00e9rieur,\u00a0 en Fran\u00e7ais et\/ou en Anglais,\u00a0 pour des conseils adapt\u00e9s \u00e0 votre pratique et \u00e0 votre personnalit\u00e9. Des cours de Yoga pour tous niveaux Que vous soyez d\u00e9butant en Yoga ou [&hellip;]<\/p>\n","protected":false},"author":1,"featured_media":0,"parent":0,"menu_order":0,"comment_status":"closed","ping_status":"closed","template":"","meta":{"footnotes":""},"class_list":["post-14","page","type-page","status-publish","hentry","entry"],"_links":{"self":[{"href":"https:\/\/coursyogamonacoetcotedazur.eu\/index.php\/wp-json\/wp\/v2\/pages\/14","targetHints":{"allow":["GET"]}}],"collection":[{"href":"https:\/\/coursyogamonacoetcotedazur.eu\/index.php\/wp-json\/wp\/v2\/pages"}],"about":[{"href":"https:\/\/coursyogamonacoetcotedazur.eu\/index.php\/wp-json\/wp\/v2\/types\/page"}],"author":[{"embeddable":true,"href":"https:\/\/coursyogamonacoetcotedazur.eu\/index.php\/wp-json\/wp\/v2\/users\/1"}],"replies":[{"embeddable":true,"href":"https:\/\/coursyogamonacoetcotedazur.eu\/index.php\/wp-json\/wp\/v2\/comments?post=14"}],"version-history":[{"count":37,"href":"https:\/\/coursyogamonacoetcotedazur.eu\/index.php\/wp-json\/wp\/v2\/pages\/14\/revisions"}],"predecessor-version":[{"id":112,"href":"https:\/\/coursyogamonacoetcotedazur.eu\/index.php\/wp-json\/wp\/v2\/pages\/14\/revisions\/112"}],"wp:attachment":[{"href":"https:\/\/coursyogamonacoetcotedazur.eu\/index.php\/wp-json\/wp\/v2\/media?parent=14"}],"curies":[{"name":"wp","href":"https:\/\/api.w.org\/{rel}","templated":true}]}}